{"id":1380,"date":"2022-08-01T20:43:55","date_gmt":"2022-08-01T20:43:55","guid":{"rendered":"https:\/\/dev.tonnelleriequintessence.com\/colecciones-de-barricas\/hydro-collection\/"},"modified":"2023-02-27T16:53:24","modified_gmt":"2023-02-27T16:53:24","slug":"hydro-collection","status":"publish","type":"page","link":"https:\/\/www.tonnelleriequintessence.fr\/es\/colecciones-de-barricas\/hydro-collection\/","title":{"rendered":"Hydro-Collection"},"content":{"rendered":"<div id=\"cs-content\" class=\"cs-content\"><\/div>\n","protected":false},"excerpt":{"rendered":"<p>To craft our Hydro-Collection We capitalize on water in motion to extract tannin from French oak. Our coopering team has developed a custom water tank and exclusive process to create barrels defined by elegance and finesse.Ver m\u00e1sLOS BENEFICIOS DE LACirculacion del agua Nuestra serie Hydro Collection ofrece una gama premium de barricas por inmersi\u00f3n. En su elaboraci\u00f3n, la ciencia se &#8230; <\/p>\n<div><a href=\"https:\/\/www.tonnelleriequintessence.fr\/es\/colecciones-de-barricas\/hydro-collection\/\" class=\"more-link\">Read More<\/a><\/div>\n","protected":false},"author":1,"featured_media":0,"parent":1351,"menu_order":0,"comment_status":"closed","ping_status":"closed","template":"template-blank-4.php","meta":{"footnotes":""},"class_list":["post-1380","page","type-page","status-publish","hentry","no-post-thumbnail"],"yoast_head":"<!-- This site is optimized with the Yoast SEO plugin v27.0 - https:\/\/yoast.com\/product\/yoast-seo-wordpress\/ -->\n<title>Hydro-Collection - Tonnellerie Quintessence<\/title>\n<meta name=\"robots\" content=\"index, follow, max-snippet:-1, max-image-preview:large, max-video-preview:-1\" \/>\n<link rel=\"canonical\" href=\"https:\/\/www.tonnelleriequintessence.fr\/es\/colecciones-de-barricas\/hydro-collection\/\" \/>\n<meta property=\"og:locale\" content=\"es_ES\" \/>\n<meta property=\"og:type\" content=\"article\" \/>\n<meta property=\"og:title\" content=\"Hydro-Collection - Tonnellerie Quintessence\" \/>\n<meta property=\"og:description\" content=\"To craft our Hydro-Collection We capitalize on water in motion to extract tannin from French oak. Our coopering team has developed a custom water tank and exclusive process to create barrels defined by elegance and finesse.Ver m\u00e1sLOS BENEFICIOS DE LACirculacion del agua Nuestra serie Hydro Collection ofrece una gama premium de barricas por inmersi\u00f3n. En su elaboraci\u00f3n, la ciencia se ... Read More\" \/>\n<meta property=\"og:url\" content=\"https:\/\/www.tonnelleriequintessence.fr\/es\/colecciones-de-barricas\/hydro-collection\/\" \/>\n<meta property=\"og:site_name\" content=\"Tonnellerie Quintessence\" \/>\n<meta property=\"article:publisher\" content=\"https:\/\/www.facebook.com\/TonnellerieQuintessence\" \/>\n<meta property=\"article:modified_time\" content=\"2023-02-27T16:53:24+00:00\" \/>\n<meta name=\"twitter:card\" content=\"summary_large_image\" \/>\n<meta name=\"twitter:label1\" content=\"Tiempo de lectura\" \/>\n\t<meta name=\"twitter:data1\" content=\"5 minutos\" \/>\n<script type=\"application\/ld+json\" class=\"yoast-schema-graph\">{\"@context\":\"https:\/\/schema.org\",\"@graph\":[{\"@type\":\"WebPage\",\"@id\":\"https:\/\/www.tonnelleriequintessence.fr\/es\/colecciones-de-barricas\/hydro-collection\/\",\"url\":\"https:\/\/www.tonnelleriequintessence.fr\/es\/colecciones-de-barricas\/hydro-collection\/\",\"name\":\"Hydro-Collection - Tonnellerie Quintessence\",\"isPartOf\":{\"@id\":\"https:\/\/www.tonnelleriequintessence.fr\/#website\"},\"datePublished\":\"2022-08-01T20:43:55+00:00\",\"dateModified\":\"2023-02-27T16:53:24+00:00\",\"breadcrumb\":{\"@id\":\"https:\/\/www.tonnelleriequintessence.fr\/es\/colecciones-de-barricas\/hydro-collection\/#breadcrumb\"},\"inLanguage\":\"es\",\"potentialAction\":[{\"@type\":\"ReadAction\",\"target\":[\"https:\/\/www.tonnelleriequintessence.fr\/es\/colecciones-de-barricas\/hydro-collection\/\"]}]},{\"@type\":\"BreadcrumbList\",\"@id\":\"https:\/\/www.tonnelleriequintessence.fr\/es\/colecciones-de-barricas\/hydro-collection\/#breadcrumb\",\"itemListElement\":[{\"@type\":\"ListItem\",\"position\":1,\"name\":\"Accueil\",\"item\":\"https:\/\/www.tonnelleriequintessence.fr\/es\/inicio\/\"},{\"@type\":\"ListItem\",\"position\":2,\"name\":\"Colecciones de Barricas\",\"item\":\"https:\/\/www.tonnelleriequintessence.fr\/es\/colecciones-de-barricas\/\"},{\"@type\":\"ListItem\",\"position\":3,\"name\":\"Hydro-Collection\"}]},{\"@type\":\"WebSite\",\"@id\":\"https:\/\/www.tonnelleriequintessence.fr\/#website\",\"url\":\"https:\/\/www.tonnelleriequintessence.fr\/\",\"name\":\"Tonnellerie Quintessence\",\"description\":\"A Modern French Cooperage\",\"publisher\":{\"@id\":\"https:\/\/www.tonnelleriequintessence.fr\/#organization\"},\"potentialAction\":[{\"@type\":\"SearchAction\",\"target\":{\"@type\":\"EntryPoint\",\"urlTemplate\":\"https:\/\/www.tonnelleriequintessence.fr\/?s={search_term_string}\"},\"query-input\":{\"@type\":\"PropertyValueSpecification\",\"valueRequired\":true,\"valueName\":\"search_term_string\"}}],\"inLanguage\":\"es\"},{\"@type\":\"Organization\",\"@id\":\"https:\/\/www.tonnelleriequintessence.fr\/#organization\",\"name\":\"Tonnellerie Quintessence\",\"url\":\"https:\/\/www.tonnelleriequintessence.fr\/\",\"logo\":{\"@type\":\"ImageObject\",\"inLanguage\":\"es\",\"@id\":\"https:\/\/www.tonnelleriequintessence.fr\/#\/schema\/logo\/image\/\",\"url\":\"https:\/\/www.tonnelleriequintessence.fr\/wp-content\/uploads\/2023\/01\/NEW-TQ-400px.png\",\"contentUrl\":\"https:\/\/www.tonnelleriequintessence.fr\/wp-content\/uploads\/2023\/01\/NEW-TQ-400px.png\",\"width\":400,\"height\":498,\"caption\":\"Tonnellerie Quintessence\"},\"image\":{\"@id\":\"https:\/\/www.tonnelleriequintessence.fr\/#\/schema\/logo\/image\/\"},\"sameAs\":[\"https:\/\/www.facebook.com\/TonnellerieQuintessence\",\"https:\/\/www.instagram.com\/tonnellerie_quintessence\/\",\"https:\/\/www.linkedin.com\/company\/tonnellerie-quintessence\/\"]}]}<\/script>\n<!-- \/ Yoast SEO plugin. -->","yoast_head_json":{"title":"Hydro-Collection - Tonnellerie Quintessence","robots":{"index":"index","follow":"follow","max-snippet":"max-snippet:-1","max-image-preview":"max-image-preview:large","max-video-preview":"max-video-preview:-1"},"canonical":"https:\/\/www.tonnelleriequintessence.fr\/es\/colecciones-de-barricas\/hydro-collection\/","og_locale":"es_ES","og_type":"article","og_title":"Hydro-Collection - Tonnellerie Quintessence","og_description":"To craft our Hydro-Collection We capitalize on water in motion to extract tannin from French oak. Our coopering team has developed a custom water tank and exclusive process to create barrels defined by elegance and finesse.Ver m\u00e1sLOS BENEFICIOS DE LACirculacion del agua Nuestra serie Hydro Collection ofrece una gama premium de barricas por inmersi\u00f3n. En su elaboraci\u00f3n, la ciencia se ... Read More","og_url":"https:\/\/www.tonnelleriequintessence.fr\/es\/colecciones-de-barricas\/hydro-collection\/","og_site_name":"Tonnellerie Quintessence","article_publisher":"https:\/\/www.facebook.com\/TonnellerieQuintessence","article_modified_time":"2023-02-27T16:53:24+00:00","twitter_card":"summary_large_image","twitter_misc":{"Tiempo de lectura":"5 minutos"},"schema":{"@context":"https:\/\/schema.org","@graph":[{"@type":"WebPage","@id":"https:\/\/www.tonnelleriequintessence.fr\/es\/colecciones-de-barricas\/hydro-collection\/","url":"https:\/\/www.tonnelleriequintessence.fr\/es\/colecciones-de-barricas\/hydro-collection\/","name":"Hydro-Collection - Tonnellerie Quintessence","isPartOf":{"@id":"https:\/\/www.tonnelleriequintessence.fr\/#website"},"datePublished":"2022-08-01T20:43:55+00:00","dateModified":"2023-02-27T16:53:24+00:00","breadcrumb":{"@id":"https:\/\/www.tonnelleriequintessence.fr\/es\/colecciones-de-barricas\/hydro-collection\/#breadcrumb"},"inLanguage":"es","potentialAction":[{"@type":"ReadAction","target":["https:\/\/www.tonnelleriequintessence.fr\/es\/colecciones-de-barricas\/hydro-collection\/"]}]},{"@type":"BreadcrumbList","@id":"https:\/\/www.tonnelleriequintessence.fr\/es\/colecciones-de-barricas\/hydro-collection\/#breadcrumb","itemListElement":[{"@type":"ListItem","position":1,"name":"Accueil","item":"https:\/\/www.tonnelleriequintessence.fr\/es\/inicio\/"},{"@type":"ListItem","position":2,"name":"Colecciones de Barricas","item":"https:\/\/www.tonnelleriequintessence.fr\/es\/colecciones-de-barricas\/"},{"@type":"ListItem","position":3,"name":"Hydro-Collection"}]},{"@type":"WebSite","@id":"https:\/\/www.tonnelleriequintessence.fr\/#website","url":"https:\/\/www.tonnelleriequintessence.fr\/","name":"Tonnellerie Quintessence","description":"A Modern French Cooperage","publisher":{"@id":"https:\/\/www.tonnelleriequintessence.fr\/#organization"},"potentialAction":[{"@type":"SearchAction","target":{"@type":"EntryPoint","urlTemplate":"https:\/\/www.tonnelleriequintessence.fr\/?s={search_term_string}"},"query-input":{"@type":"PropertyValueSpecification","valueRequired":true,"valueName":"search_term_string"}}],"inLanguage":"es"},{"@type":"Organization","@id":"https:\/\/www.tonnelleriequintessence.fr\/#organization","name":"Tonnellerie Quintessence","url":"https:\/\/www.tonnelleriequintessence.fr\/","logo":{"@type":"ImageObject","inLanguage":"es","@id":"https:\/\/www.tonnelleriequintessence.fr\/#\/schema\/logo\/image\/","url":"https:\/\/www.tonnelleriequintessence.fr\/wp-content\/uploads\/2023\/01\/NEW-TQ-400px.png","contentUrl":"https:\/\/www.tonnelleriequintessence.fr\/wp-content\/uploads\/2023\/01\/NEW-TQ-400px.png","width":400,"height":498,"caption":"Tonnellerie Quintessence"},"image":{"@id":"https:\/\/www.tonnelleriequintessence.fr\/#\/schema\/logo\/image\/"},"sameAs":["https:\/\/www.facebook.com\/TonnellerieQuintessence","https:\/\/www.instagram.com\/tonnellerie_quintessence\/","https:\/\/www.linkedin.com\/company\/tonnellerie-quintessence\/"]}]}},"_links":{"self":[{"href":"https:\/\/www.tonnelleriequintessence.fr\/es\/wp-json\/wp\/v2\/pages\/1380","targetHints":{"allow":["GET"]}}],"collection":[{"href":"https:\/\/www.tonnelleriequintessence.fr\/es\/wp-json\/wp\/v2\/pages"}],"about":[{"href":"https:\/\/www.tonnelleriequintessence.fr\/es\/wp-json\/wp\/v2\/types\/page"}],"author":[{"embeddable":true,"href":"https:\/\/www.tonnelleriequintessence.fr\/es\/wp-json\/wp\/v2\/users\/1"}],"replies":[{"embeddable":true,"href":"https:\/\/www.tonnelleriequintessence.fr\/es\/wp-json\/wp\/v2\/comments?post=1380"}],"version-history":[{"count":22,"href":"https:\/\/www.tonnelleriequintessence.fr\/es\/wp-json\/wp\/v2\/pages\/1380\/revisions"}],"predecessor-version":[{"id":2255,"href":"https:\/\/www.tonnelleriequintessence.fr\/es\/wp-json\/wp\/v2\/pages\/1380\/revisions\/2255"}],"up":[{"embeddable":true,"href":"https:\/\/www.tonnelleriequintessence.fr\/es\/wp-json\/wp\/v2\/pages\/1351"}],"wp:attachment":[{"href":"https:\/\/www.tonnelleriequintessence.fr\/es\/wp-json\/wp\/v2\/media?parent=1380"}],"curies":[{"name":"wp","href":"https:\/\/api.w.org\/{rel}","templated":true}]}}