{"id":1351,"date":"2022-08-01T20:42:18","date_gmt":"2022-08-01T20:42:18","guid":{"rendered":"https:\/\/dev.tonnelleriequintessence.com\/colecciones-de-barricas\/"},"modified":"2025-12-30T15:00:51","modified_gmt":"2025-12-30T15:00:51","slug":"colecciones-de-barricas","status":"publish","type":"page","link":"https:\/\/www.tonnelleriequintessence.fr\/es\/colecciones-de-barricas\/","title":{"rendered":"Colecciones de Barricas"},"content":{"rendered":"<div id=\"cs-content\" class=\"cs-content\"><\/div>\n","protected":false},"excerpt":{"rendered":"<p>Quintessence La manifestaci\u00f3n m\u00e1s perfectade una calidad u objetoDescubra nuestra colecci\u00f3n Todas y cada una de nuestras colecciones exclusivas encarnan la filosof\u00eda, tecnolog\u00eda y tradici\u00f3n de Quintessence. Mientras usted se dedica al cultivo de los vi\u00f1edos, nosotros mimamos al roble para que maride perfectamente con su vino, en una delicada armon\u00eda de aromas y sabores.Conozca Nuestros TostadosFleur de QuintessenceC\u0153ur de &#8230; <\/p>\n<div><a href=\"https:\/\/www.tonnelleriequintessence.fr\/es\/colecciones-de-barricas\/\" class=\"more-link\">Read More<\/a><\/div>\n","protected":false},"author":1,"featured_media":0,"parent":0,"menu_order":0,"comment_status":"closed","ping_status":"closed","template":"template-blank-4.php","meta":{"footnotes":""},"class_list":["post-1351","page","type-page","status-publish","hentry","no-post-thumbnail"],"yoast_head":"<!-- This site is optimized with the Yoast SEO plugin v27.0 - https:\/\/yoast.com\/product\/yoast-seo-wordpress\/ -->\n<title>Colecciones de Barricas - Tonnellerie Quintessence<\/title>\n<meta name=\"robots\" content=\"index, follow, max-snippet:-1, max-image-preview:large, max-video-preview:-1\" \/>\n<link rel=\"canonical\" href=\"https:\/\/www.tonnelleriequintessence.fr\/es\/colecciones-de-barricas\/\" \/>\n<meta property=\"og:locale\" content=\"es_ES\" \/>\n<meta property=\"og:type\" content=\"article\" \/>\n<meta property=\"og:title\" content=\"Colecciones de Barricas - Tonnellerie Quintessence\" \/>\n<meta property=\"og:description\" content=\"Quintessence La manifestaci\u00f3n m\u00e1s perfectade una calidad u objetoDescubra nuestra colecci\u00f3n Todas y cada una de nuestras colecciones exclusivas encarnan la filosof\u00eda, tecnolog\u00eda y tradici\u00f3n de Quintessence. Mientras usted se dedica al cultivo de los vi\u00f1edos, nosotros mimamos al roble para que maride perfectamente con su vino, en una delicada armon\u00eda de aromas y sabores.Conozca Nuestros TostadosFleur de QuintessenceC\u0153ur de ... Read More\" \/>\n<meta property=\"og:url\" content=\"https:\/\/www.tonnelleriequintessence.fr\/es\/colecciones-de-barricas\/\" \/>\n<meta property=\"og:site_name\" content=\"Tonnellerie Quintessence\" \/>\n<meta property=\"article:publisher\" content=\"https:\/\/www.facebook.com\/TonnellerieQuintessence\" \/>\n<meta property=\"article:modified_time\" content=\"2025-12-30T15:00:51+00:00\" \/>\n<meta name=\"twitter:card\" content=\"summary_large_image\" \/>\n<meta name=\"twitter:label1\" content=\"Tiempo de lectura\" \/>\n\t<meta name=\"twitter:data1\" content=\"2 minutos\" \/>\n<script type=\"application\/ld+json\" class=\"yoast-schema-graph\">{\"@context\":\"https:\/\/schema.org\",\"@graph\":[{\"@type\":\"WebPage\",\"@id\":\"https:\/\/www.tonnelleriequintessence.fr\/es\/colecciones-de-barricas\/\",\"url\":\"https:\/\/www.tonnelleriequintessence.fr\/es\/colecciones-de-barricas\/\",\"name\":\"Colecciones de Barricas - Tonnellerie Quintessence\",\"isPartOf\":{\"@id\":\"https:\/\/www.tonnelleriequintessence.fr\/#website\"},\"datePublished\":\"2022-08-01T20:42:18+00:00\",\"dateModified\":\"2025-12-30T15:00:51+00:00\",\"breadcrumb\":{\"@id\":\"https:\/\/www.tonnelleriequintessence.fr\/es\/colecciones-de-barricas\/#breadcrumb\"},\"inLanguage\":\"es\",\"potentialAction\":[{\"@type\":\"ReadAction\",\"target\":[\"https:\/\/www.tonnelleriequintessence.fr\/es\/colecciones-de-barricas\/\"]}]},{\"@type\":\"BreadcrumbList\",\"@id\":\"https:\/\/www.tonnelleriequintessence.fr\/es\/colecciones-de-barricas\/#breadcrumb\",\"itemListElement\":[{\"@type\":\"ListItem\",\"position\":1,\"name\":\"Accueil\",\"item\":\"https:\/\/www.tonnelleriequintessence.fr\/es\/inicio\/\"},{\"@type\":\"ListItem\",\"position\":2,\"name\":\"Colecciones de Barricas\"}]},{\"@type\":\"WebSite\",\"@id\":\"https:\/\/www.tonnelleriequintessence.fr\/#website\",\"url\":\"https:\/\/www.tonnelleriequintessence.fr\/\",\"name\":\"Tonnellerie Quintessence\",\"description\":\"A Modern French Cooperage\",\"publisher\":{\"@id\":\"https:\/\/www.tonnelleriequintessence.fr\/#organization\"},\"potentialAction\":[{\"@type\":\"SearchAction\",\"target\":{\"@type\":\"EntryPoint\",\"urlTemplate\":\"https:\/\/www.tonnelleriequintessence.fr\/?s={search_term_string}\"},\"query-input\":{\"@type\":\"PropertyValueSpecification\",\"valueRequired\":true,\"valueName\":\"search_term_string\"}}],\"inLanguage\":\"es\"},{\"@type\":\"Organization\",\"@id\":\"https:\/\/www.tonnelleriequintessence.fr\/#organization\",\"name\":\"Tonnellerie Quintessence\",\"url\":\"https:\/\/www.tonnelleriequintessence.fr\/\",\"logo\":{\"@type\":\"ImageObject\",\"inLanguage\":\"es\",\"@id\":\"https:\/\/www.tonnelleriequintessence.fr\/#\/schema\/logo\/image\/\",\"url\":\"https:\/\/www.tonnelleriequintessence.fr\/wp-content\/uploads\/2023\/01\/NEW-TQ-400px.png\",\"contentUrl\":\"https:\/\/www.tonnelleriequintessence.fr\/wp-content\/uploads\/2023\/01\/NEW-TQ-400px.png\",\"width\":400,\"height\":498,\"caption\":\"Tonnellerie Quintessence\"},\"image\":{\"@id\":\"https:\/\/www.tonnelleriequintessence.fr\/#\/schema\/logo\/image\/\"},\"sameAs\":[\"https:\/\/www.facebook.com\/TonnellerieQuintessence\",\"https:\/\/www.instagram.com\/tonnellerie_quintessence\/\",\"https:\/\/www.linkedin.com\/company\/tonnellerie-quintessence\/\"]}]}<\/script>\n<!-- \/ Yoast SEO plugin. -->","yoast_head_json":{"title":"Colecciones de Barricas - Tonnellerie Quintessence","robots":{"index":"index","follow":"follow","max-snippet":"max-snippet:-1","max-image-preview":"max-image-preview:large","max-video-preview":"max-video-preview:-1"},"canonical":"https:\/\/www.tonnelleriequintessence.fr\/es\/colecciones-de-barricas\/","og_locale":"es_ES","og_type":"article","og_title":"Colecciones de Barricas - Tonnellerie Quintessence","og_description":"Quintessence La manifestaci\u00f3n m\u00e1s perfectade una calidad u objetoDescubra nuestra colecci\u00f3n Todas y cada una de nuestras colecciones exclusivas encarnan la filosof\u00eda, tecnolog\u00eda y tradici\u00f3n de Quintessence. Mientras usted se dedica al cultivo de los vi\u00f1edos, nosotros mimamos al roble para que maride perfectamente con su vino, en una delicada armon\u00eda de aromas y sabores.Conozca Nuestros TostadosFleur de QuintessenceC\u0153ur de ... Read More","og_url":"https:\/\/www.tonnelleriequintessence.fr\/es\/colecciones-de-barricas\/","og_site_name":"Tonnellerie Quintessence","article_publisher":"https:\/\/www.facebook.com\/TonnellerieQuintessence","article_modified_time":"2025-12-30T15:00:51+00:00","twitter_card":"summary_large_image","twitter_misc":{"Tiempo de lectura":"2 minutos"},"schema":{"@context":"https:\/\/schema.org","@graph":[{"@type":"WebPage","@id":"https:\/\/www.tonnelleriequintessence.fr\/es\/colecciones-de-barricas\/","url":"https:\/\/www.tonnelleriequintessence.fr\/es\/colecciones-de-barricas\/","name":"Colecciones de Barricas - Tonnellerie Quintessence","isPartOf":{"@id":"https:\/\/www.tonnelleriequintessence.fr\/#website"},"datePublished":"2022-08-01T20:42:18+00:00","dateModified":"2025-12-30T15:00:51+00:00","breadcrumb":{"@id":"https:\/\/www.tonnelleriequintessence.fr\/es\/colecciones-de-barricas\/#breadcrumb"},"inLanguage":"es","potentialAction":[{"@type":"ReadAction","target":["https:\/\/www.tonnelleriequintessence.fr\/es\/colecciones-de-barricas\/"]}]},{"@type":"BreadcrumbList","@id":"https:\/\/www.tonnelleriequintessence.fr\/es\/colecciones-de-barricas\/#breadcrumb","itemListElement":[{"@type":"ListItem","position":1,"name":"Accueil","item":"https:\/\/www.tonnelleriequintessence.fr\/es\/inicio\/"},{"@type":"ListItem","position":2,"name":"Colecciones de Barricas"}]},{"@type":"WebSite","@id":"https:\/\/www.tonnelleriequintessence.fr\/#website","url":"https:\/\/www.tonnelleriequintessence.fr\/","name":"Tonnellerie Quintessence","description":"A Modern French Cooperage","publisher":{"@id":"https:\/\/www.tonnelleriequintessence.fr\/#organization"},"potentialAction":[{"@type":"SearchAction","target":{"@type":"EntryPoint","urlTemplate":"https:\/\/www.tonnelleriequintessence.fr\/?s={search_term_string}"},"query-input":{"@type":"PropertyValueSpecification","valueRequired":true,"valueName":"search_term_string"}}],"inLanguage":"es"},{"@type":"Organization","@id":"https:\/\/www.tonnelleriequintessence.fr\/#organization","name":"Tonnellerie Quintessence","url":"https:\/\/www.tonnelleriequintessence.fr\/","logo":{"@type":"ImageObject","inLanguage":"es","@id":"https:\/\/www.tonnelleriequintessence.fr\/#\/schema\/logo\/image\/","url":"https:\/\/www.tonnelleriequintessence.fr\/wp-content\/uploads\/2023\/01\/NEW-TQ-400px.png","contentUrl":"https:\/\/www.tonnelleriequintessence.fr\/wp-content\/uploads\/2023\/01\/NEW-TQ-400px.png","width":400,"height":498,"caption":"Tonnellerie Quintessence"},"image":{"@id":"https:\/\/www.tonnelleriequintessence.fr\/#\/schema\/logo\/image\/"},"sameAs":["https:\/\/www.facebook.com\/TonnellerieQuintessence","https:\/\/www.instagram.com\/tonnellerie_quintessence\/","https:\/\/www.linkedin.com\/company\/tonnellerie-quintessence\/"]}]}},"_links":{"self":[{"href":"https:\/\/www.tonnelleriequintessence.fr\/es\/wp-json\/wp\/v2\/pages\/1351","targetHints":{"allow":["GET"]}}],"collection":[{"href":"https:\/\/www.tonnelleriequintessence.fr\/es\/wp-json\/wp\/v2\/pages"}],"about":[{"href":"https:\/\/www.tonnelleriequintessence.fr\/es\/wp-json\/wp\/v2\/types\/page"}],"author":[{"embeddable":true,"href":"https:\/\/www.tonnelleriequintessence.fr\/es\/wp-json\/wp\/v2\/users\/1"}],"replies":[{"embeddable":true,"href":"https:\/\/www.tonnelleriequintessence.fr\/es\/wp-json\/wp\/v2\/comments?post=1351"}],"version-history":[{"count":16,"href":"https:\/\/www.tonnelleriequintessence.fr\/es\/wp-json\/wp\/v2\/pages\/1351\/revisions"}],"predecessor-version":[{"id":2578,"href":"https:\/\/www.tonnelleriequintessence.fr\/es\/wp-json\/wp\/v2\/pages\/1351\/revisions\/2578"}],"wp:attachment":[{"href":"https:\/\/www.tonnelleriequintessence.fr\/es\/wp-json\/wp\/v2\/media?parent=1351"}],"curies":[{"name":"wp","href":"https:\/\/api.w.org\/{rel}","templated":true}]}}