{"id":1295,"date":"2022-09-07T18:56:49","date_gmt":"2022-09-07T18:56:49","guid":{"rendered":"https:\/\/dev.tonnelleriequintessence.com\/oak-selection\/sol-oriens\/"},"modified":"2023-03-01T14:42:09","modified_gmt":"2023-03-01T14:42:09","slug":"sol-oriens","status":"publish","type":"page","link":"https:\/\/www.tonnelleriequintessence.fr\/en\/oak-selection\/sol-oriens\/","title":{"rendered":"Sol Oriens"},"content":{"rendered":"<div id=\"cs-content\" class=\"cs-content\"><\/div>\n","protected":false},"excerpt":{"rendered":"<p>deep within the Topo\u013e\u010dianky Forest Sol Oriens is a premium barrel offering, inspired by fine grain oak trees growing deep within the Topo\u013e\u010dianky forest of Slovakia. The high-quality staves are milled by expert merrandiers and naturally seasoned for 24 months at our own stave mill. These barrels offer unique characteristics while adding structure and balanced tannins to premium wines.Discover MoreOffering &#8230; <\/p>\n<div><a href=\"https:\/\/www.tonnelleriequintessence.fr\/en\/oak-selection\/sol-oriens\/\" class=\"more-link\">Read More<\/a><\/div>\n","protected":false},"author":1,"featured_media":0,"parent":1292,"menu_order":0,"comment_status":"closed","ping_status":"closed","template":"template-blank-4.php","meta":{"footnotes":""},"class_list":["post-1295","page","type-page","status-publish","hentry","no-post-thumbnail"],"yoast_head":"<!-- This site is optimized with the Yoast SEO plugin v27.0 - https:\/\/yoast.com\/product\/yoast-seo-wordpress\/ -->\n<title>Sol Oriens - Tonnellerie Quintessence<\/title>\n<meta name=\"robots\" content=\"index, follow, max-snippet:-1, max-image-preview:large, max-video-preview:-1\" \/>\n<link rel=\"canonical\" href=\"https:\/\/www.tonnelleriequintessence.fr\/en\/oak-selection\/sol-oriens\/\" \/>\n<meta property=\"og:locale\" content=\"en_US\" \/>\n<meta property=\"og:type\" content=\"article\" \/>\n<meta property=\"og:title\" content=\"Sol Oriens - Tonnellerie Quintessence\" \/>\n<meta property=\"og:description\" content=\"deep within the Topo\u013e\u010dianky Forest Sol Oriens is a premium barrel offering, inspired by fine grain oak trees growing deep within the Topo\u013e\u010dianky forest of Slovakia. The high-quality staves are milled by expert merrandiers and naturally seasoned for 24 months at our own stave mill. These barrels offer unique characteristics while adding structure and balanced tannins to premium wines.Discover MoreOffering ... Read More\" \/>\n<meta property=\"og:url\" content=\"https:\/\/www.tonnelleriequintessence.fr\/en\/oak-selection\/sol-oriens\/\" \/>\n<meta property=\"og:site_name\" content=\"Tonnellerie Quintessence\" \/>\n<meta property=\"article:publisher\" content=\"https:\/\/www.facebook.com\/TonnellerieQuintessence\" \/>\n<meta property=\"article:modified_time\" content=\"2023-03-01T14:42:09+00:00\" \/>\n<meta name=\"twitter:card\" content=\"summary_large_image\" \/>\n<meta name=\"twitter:label1\" content=\"Est. reading time\" \/>\n\t<meta name=\"twitter:data1\" content=\"4 minutes\" \/>\n<script type=\"application\/ld+json\" class=\"yoast-schema-graph\">{\"@context\":\"https:\/\/schema.org\",\"@graph\":[{\"@type\":\"WebPage\",\"@id\":\"https:\/\/www.tonnelleriequintessence.fr\/en\/oak-selection\/sol-oriens\/\",\"url\":\"https:\/\/www.tonnelleriequintessence.fr\/en\/oak-selection\/sol-oriens\/\",\"name\":\"Sol Oriens - Tonnellerie Quintessence\",\"isPartOf\":{\"@id\":\"https:\/\/www.tonnelleriequintessence.fr\/#website\"},\"datePublished\":\"2022-09-07T18:56:49+00:00\",\"dateModified\":\"2023-03-01T14:42:09+00:00\",\"breadcrumb\":{\"@id\":\"https:\/\/www.tonnelleriequintessence.fr\/en\/oak-selection\/sol-oriens\/#breadcrumb\"},\"inLanguage\":\"en-US\",\"potentialAction\":[{\"@type\":\"ReadAction\",\"target\":[\"https:\/\/www.tonnelleriequintessence.fr\/en\/oak-selection\/sol-oriens\/\"]}]},{\"@type\":\"BreadcrumbList\",\"@id\":\"https:\/\/www.tonnelleriequintessence.fr\/en\/oak-selection\/sol-oriens\/#breadcrumb\",\"itemListElement\":[{\"@type\":\"ListItem\",\"position\":1,\"name\":\"Accueil\",\"item\":\"https:\/\/www.tonnelleriequintessence.fr\/en\/home\/\"},{\"@type\":\"ListItem\",\"position\":2,\"name\":\"Oak Selection\",\"item\":\"https:\/\/www.tonnelleriequintessence.fr\/en\/oak-selection\/\"},{\"@type\":\"ListItem\",\"position\":3,\"name\":\"Sol Oriens\"}]},{\"@type\":\"WebSite\",\"@id\":\"https:\/\/www.tonnelleriequintessence.fr\/#website\",\"url\":\"https:\/\/www.tonnelleriequintessence.fr\/\",\"name\":\"Tonnellerie Quintessence\",\"description\":\"A Modern French Cooperage\",\"publisher\":{\"@id\":\"https:\/\/www.tonnelleriequintessence.fr\/#organization\"},\"potentialAction\":[{\"@type\":\"SearchAction\",\"target\":{\"@type\":\"EntryPoint\",\"urlTemplate\":\"https:\/\/www.tonnelleriequintessence.fr\/?s={search_term_string}\"},\"query-input\":{\"@type\":\"PropertyValueSpecification\",\"valueRequired\":true,\"valueName\":\"search_term_string\"}}],\"inLanguage\":\"en-US\"},{\"@type\":\"Organization\",\"@id\":\"https:\/\/www.tonnelleriequintessence.fr\/#organization\",\"name\":\"Tonnellerie Quintessence\",\"url\":\"https:\/\/www.tonnelleriequintessence.fr\/\",\"logo\":{\"@type\":\"ImageObject\",\"inLanguage\":\"en-US\",\"@id\":\"https:\/\/www.tonnelleriequintessence.fr\/#\/schema\/logo\/image\/\",\"url\":\"https:\/\/www.tonnelleriequintessence.fr\/wp-content\/uploads\/2023\/01\/NEW-TQ-400px.png\",\"contentUrl\":\"https:\/\/www.tonnelleriequintessence.fr\/wp-content\/uploads\/2023\/01\/NEW-TQ-400px.png\",\"width\":400,\"height\":498,\"caption\":\"Tonnellerie Quintessence\"},\"image\":{\"@id\":\"https:\/\/www.tonnelleriequintessence.fr\/#\/schema\/logo\/image\/\"},\"sameAs\":[\"https:\/\/www.facebook.com\/TonnellerieQuintessence\",\"https:\/\/www.instagram.com\/tonnellerie_quintessence\/\",\"https:\/\/www.linkedin.com\/company\/tonnellerie-quintessence\/\"]}]}<\/script>\n<!-- \/ Yoast SEO plugin. -->","yoast_head_json":{"title":"Sol Oriens - Tonnellerie Quintessence","robots":{"index":"index","follow":"follow","max-snippet":"max-snippet:-1","max-image-preview":"max-image-preview:large","max-video-preview":"max-video-preview:-1"},"canonical":"https:\/\/www.tonnelleriequintessence.fr\/en\/oak-selection\/sol-oriens\/","og_locale":"en_US","og_type":"article","og_title":"Sol Oriens - Tonnellerie Quintessence","og_description":"deep within the Topo\u013e\u010dianky Forest Sol Oriens is a premium barrel offering, inspired by fine grain oak trees growing deep within the Topo\u013e\u010dianky forest of Slovakia. The high-quality staves are milled by expert merrandiers and naturally seasoned for 24 months at our own stave mill. These barrels offer unique characteristics while adding structure and balanced tannins to premium wines.Discover MoreOffering ... Read More","og_url":"https:\/\/www.tonnelleriequintessence.fr\/en\/oak-selection\/sol-oriens\/","og_site_name":"Tonnellerie Quintessence","article_publisher":"https:\/\/www.facebook.com\/TonnellerieQuintessence","article_modified_time":"2023-03-01T14:42:09+00:00","twitter_card":"summary_large_image","twitter_misc":{"Est. reading time":"4 minutes"},"schema":{"@context":"https:\/\/schema.org","@graph":[{"@type":"WebPage","@id":"https:\/\/www.tonnelleriequintessence.fr\/en\/oak-selection\/sol-oriens\/","url":"https:\/\/www.tonnelleriequintessence.fr\/en\/oak-selection\/sol-oriens\/","name":"Sol Oriens - Tonnellerie Quintessence","isPartOf":{"@id":"https:\/\/www.tonnelleriequintessence.fr\/#website"},"datePublished":"2022-09-07T18:56:49+00:00","dateModified":"2023-03-01T14:42:09+00:00","breadcrumb":{"@id":"https:\/\/www.tonnelleriequintessence.fr\/en\/oak-selection\/sol-oriens\/#breadcrumb"},"inLanguage":"en-US","potentialAction":[{"@type":"ReadAction","target":["https:\/\/www.tonnelleriequintessence.fr\/en\/oak-selection\/sol-oriens\/"]}]},{"@type":"BreadcrumbList","@id":"https:\/\/www.tonnelleriequintessence.fr\/en\/oak-selection\/sol-oriens\/#breadcrumb","itemListElement":[{"@type":"ListItem","position":1,"name":"Accueil","item":"https:\/\/www.tonnelleriequintessence.fr\/en\/home\/"},{"@type":"ListItem","position":2,"name":"Oak Selection","item":"https:\/\/www.tonnelleriequintessence.fr\/en\/oak-selection\/"},{"@type":"ListItem","position":3,"name":"Sol Oriens"}]},{"@type":"WebSite","@id":"https:\/\/www.tonnelleriequintessence.fr\/#website","url":"https:\/\/www.tonnelleriequintessence.fr\/","name":"Tonnellerie Quintessence","description":"A Modern French Cooperage","publisher":{"@id":"https:\/\/www.tonnelleriequintessence.fr\/#organization"},"potentialAction":[{"@type":"SearchAction","target":{"@type":"EntryPoint","urlTemplate":"https:\/\/www.tonnelleriequintessence.fr\/?s={search_term_string}"},"query-input":{"@type":"PropertyValueSpecification","valueRequired":true,"valueName":"search_term_string"}}],"inLanguage":"en-US"},{"@type":"Organization","@id":"https:\/\/www.tonnelleriequintessence.fr\/#organization","name":"Tonnellerie Quintessence","url":"https:\/\/www.tonnelleriequintessence.fr\/","logo":{"@type":"ImageObject","inLanguage":"en-US","@id":"https:\/\/www.tonnelleriequintessence.fr\/#\/schema\/logo\/image\/","url":"https:\/\/www.tonnelleriequintessence.fr\/wp-content\/uploads\/2023\/01\/NEW-TQ-400px.png","contentUrl":"https:\/\/www.tonnelleriequintessence.fr\/wp-content\/uploads\/2023\/01\/NEW-TQ-400px.png","width":400,"height":498,"caption":"Tonnellerie Quintessence"},"image":{"@id":"https:\/\/www.tonnelleriequintessence.fr\/#\/schema\/logo\/image\/"},"sameAs":["https:\/\/www.facebook.com\/TonnellerieQuintessence","https:\/\/www.instagram.com\/tonnellerie_quintessence\/","https:\/\/www.linkedin.com\/company\/tonnellerie-quintessence\/"]}]}},"_links":{"self":[{"href":"https:\/\/www.tonnelleriequintessence.fr\/en\/wp-json\/wp\/v2\/pages\/1295","targetHints":{"allow":["GET"]}}],"collection":[{"href":"https:\/\/www.tonnelleriequintessence.fr\/en\/wp-json\/wp\/v2\/pages"}],"about":[{"href":"https:\/\/www.tonnelleriequintessence.fr\/en\/wp-json\/wp\/v2\/types\/page"}],"author":[{"embeddable":true,"href":"https:\/\/www.tonnelleriequintessence.fr\/en\/wp-json\/wp\/v2\/users\/1"}],"replies":[{"embeddable":true,"href":"https:\/\/www.tonnelleriequintessence.fr\/en\/wp-json\/wp\/v2\/comments?post=1295"}],"version-history":[{"count":3,"href":"https:\/\/www.tonnelleriequintessence.fr\/en\/wp-json\/wp\/v2\/pages\/1295\/revisions"}],"predecessor-version":[{"id":2246,"href":"https:\/\/www.tonnelleriequintessence.fr\/en\/wp-json\/wp\/v2\/pages\/1295\/revisions\/2246"}],"up":[{"embeddable":true,"href":"https:\/\/www.tonnelleriequintessence.fr\/en\/wp-json\/wp\/v2\/pages\/1292"}],"wp:attachment":[{"href":"https:\/\/www.tonnelleriequintessence.fr\/en\/wp-json\/wp\/v2\/media?parent=1295"}],"curies":[{"name":"wp","href":"https:\/\/api.w.org\/{rel}","templated":true}]}}